{"id":391,"date":"2025-04-26T03:16:55","date_gmt":"2025-04-26T03:16:55","guid":{"rendered":"https:\/\/cqvn.com.vn\/home\/"},"modified":"2025-08-21T16:39:24","modified_gmt":"2025-08-21T16:39:24","slug":"home","status":"publish","type":"page","link":"https:\/\/cqvn.com.vn\/en\/","title":{"rendered":"Home"},"content":{"rendered":"Dedicated to serving\n<h3>\n<\/h3><h3 style=\"text-align: center;\"><span><strong>Cung c\u1ea5p m\u1ed9t lo\u1ea1t c\u00e1c gi\u1ea3i ph\u00e1p trong ph\u00e2n t\u00edch v\u00e0 nghi\u00ean c\u1ee9u cho ph\u00f2ng th\u00ed nghi\u1ec7m.<\/strong><\/span><\/h3>\nOur Partners\n<p style=\\\"text-align: left\\\"><br><\/p><p style=\\\"text-align: left\\\">H\u01a1n 200.000 danh m\u1ee5c s\u1ea3n ph\u1ea9m h\u00f3a sinh v\u00e0 h\u1ee3p ch\u1ea5t h\u1eefu c\u01a1 \u0111\u01b0\u1ee3c s\u1eed d\u1ee5ng trong nghi\u00ean c\u1ee9u khoa h\u1ecdc, nghi\u00ean c\u1ee9u b\u1ed9 gen v\u00e0 protein, c\u00f4ng ngh\u1ec7 sinh h\u1ecdc, ph\u00e1t tri\u1ec3n d\u01b0\u1ee3c ph\u1ea9m, ch\u1ea9n \u0111o\u00e1n v\u00e0 c\u00f4ng ngh\u1ec7 cao kh\u00e1c&#8230;<\/p>\n<p>Hach cung c\u1ea5p \u0111a d\u1ea1ng c\u00e1c s\u1ea3n ph\u1ea9m t\u1eeb m\u00e1y quang ph\u1ed5, m\u00e1y \u0111o \u0111\u1ed9 \u0111\u1ee5c, \u0111\u1ebfn c\u00e1c thi\u1ebft b\u1ecb \u0111o ch\u1ea5t l\u01b0\u1ee3ng n\u01b0\u1edbc v\u00e0 h\u00f3a ch\u1ea5t ph\u00e2n t\u00edch, \u0111\u00e1p \u1ee9ng nhu c\u1ea7u c\u1ee7a c\u00e1c ph\u00f2ng th\u00ed nghi\u1ec7m, c\u00e1c nh\u00e0 m\u00e1y x\u1eed l\u00fd n\u01b0\u1edbc, v\u00e0 c\u00e1c \u0111\u01a1n v\u1ecb nghi\u00ean c\u1ee9u. <\/p>\n<p>Cung c\u1ea5p m\u1ed9t lo\u1ea1t c\u00e1c gi\u1ea3i ph\u00e1p trong ph\u00e2n t\u00edch v\u00e0 nghi\u00ean c\u1ee9u cho ph\u00f2ng th\u00ed nghi\u1ec7m. \u1ee8ng d\u1ee5ng trong nhi\u1ec1u l\u0129nh v\u1ef1c kh\u00e1c nhau. Merck v\u1edbi c\u00e1c th\u01b0\u01a1ng hi\u1ec7u \u2013 Sigma Aldrich, Supelco, Millipore bao g\u1ed3m c\u00e1c lo\u1ea1i: H\u00f3a ch\u1ea5t chu\u1ea9n, ch\u1ea5t chu\u1ea9n ph\u00e2n t\u00edch, chu\u1ea9n d\u01b0\u1ee3c \u0111i\u1ec3n, chu\u1ea9n th\u1ee9 c\u1ea5p&#8230;  <\/p>\n<p>HANNA instruments\u00ae, nh\u00e0 s\u1ea3n xu\u1ea5t h\u00e0ng \u0111\u1ea7u th\u1ebf gi\u1edbi v\u1ec1 c\u00e1c thi\u1ebft b\u1ecb \u0111o \u0111\u1ea1c ph\u00e2n t\u00edch, v\u1edbi m\u1ea1ng l\u01b0\u1edbi 60 chi nh\u00e1nh t\u1ea1i 43 qu\u1ed1c gia tr\u00ean to\u00e0n th\u1ebf gi\u1edbi v\u00e0 cung c\u1ea5p h\u01a1n 3000 s\u1ea3n ph\u1ea9m cho kh\u00e1ch h\u00e0ng.<\/p>\n<p style=\\\"text-align: left\\\"><br><\/p><p style=\\\"text-align: left\\\">Corning l\u00e0 c\u00f4ng ty d\u1eabn \u0111\u1ea7u v\u1ec1 c\u00e1c s\u1ea3n ph\u1ea9m ph\u00f2ng th\u00ed nghi\u1ec7m, gi\u1ea3i ph\u00e1p nu\u00f4i c\u1ea5y t\u1ebf b\u00e0o, b\u00ecnh x\u1eed l\u00fd sinh h\u1ecdc,&#8230; Corning cung c\u1ea5p s\u1ea3n ph\u1ea9m th\u1ee7y tinh m\u1edbi gi\u00fap kh\u1ea3 n\u0103ng ti\u1ebfp c\u1eadn thu\u1ed1c \u0111\u00e1ng tin c\u1eady h\u01a1n, c\u0169ng nh\u01b0 b\u1ea3o qu\u1ea3n v\u00e0 v\u1eadn chuy\u1ec3n thu\u1ed1c.. <\/p>\n<p style=\\\"text-align: left\\\"><br><\/p><p style=\\\"text-align: left\\\">Mettler Toledo l\u00e0 m\u1ed9t nh\u00e0 s\u1ea3n xu\u1ea5t h\u00e0ng \u0111\u1ea7u th\u1ebf gi\u1edbi v\u1ec1 c\u00e1c thi\u1ebft b\u1ecb \u0111o l\u01b0\u1eddng ch\u00ednh x\u00e1c v\u00e0 c\u00e1c d\u1ecbch v\u1ee5 li\u00ean quan, \u0111\u1eb7c bi\u1ec7t trong c\u00e1c l\u0129nh v\u1ef1c ph\u00f2ng th\u00ed nghi\u1ec7m, c\u00f4ng nghi\u1ec7p v\u00e0 b\u00e1n l\u1ebb.<\/p>","protected":false},"excerpt":{"rendered":"","protected":false},"author":1,"featured_media":0,"parent":0,"menu_order":0,"comment_status":"closed","ping_status":"closed","template":"","meta":{"pagelayer_contact_templates":[],"_pagelayer_content":"","footnotes":""},"class_list":["post-391","page","type-page","status-publish","hentry"],"jetpack_sharing_enabled":true,"_links":{"self":[{"href":"https:\/\/cqvn.com.vn\/en\/wp-json\/wp\/v2\/pages\/391","targetHints":{"allow":["GET"]}}],"collection":[{"href":"https:\/\/cqvn.com.vn\/en\/wp-json\/wp\/v2\/pages"}],"about":[{"href":"https:\/\/cqvn.com.vn\/en\/wp-json\/wp\/v2\/types\/page"}],"author":[{"embeddable":true,"href":"https:\/\/cqvn.com.vn\/en\/wp-json\/wp\/v2\/users\/1"}],"replies":[{"embeddable":true,"href":"https:\/\/cqvn.com.vn\/en\/wp-json\/wp\/v2\/comments?post=391"}],"version-history":[{"count":1,"href":"https:\/\/cqvn.com.vn\/en\/wp-json\/wp\/v2\/pages\/391\/revisions"}],"predecessor-version":[{"id":410,"href":"https:\/\/cqvn.com.vn\/en\/wp-json\/wp\/v2\/pages\/391\/revisions\/410"}],"wp:attachment":[{"href":"https:\/\/cqvn.com.vn\/en\/wp-json\/wp\/v2\/media?parent=391"}],"curies":[{"name":"wp","href":"https:\/\/api.w.org\/{rel}","templated":true}]}}