{"id":399,"date":"2025-04-26T03:16:55","date_gmt":"2025-04-26T03:16:55","guid":{"rendered":"https:\/\/cqvn.com.vn\/contact\/"},"modified":"2025-04-26T03:16:55","modified_gmt":"2025-04-26T03:16:55","slug":"contact","status":"publish","type":"page","link":"https:\/\/cqvn.com.vn\/en\/contact\/","title":{"rendered":"Contact"},"content":{"rendered":"<div class=\\\"p-c0y2880 pagelayer-heading\\\" align=\\\"center\\\"><div class=\\\"pagelayer-heading-holder\\\" style=\\\"font-size: 70px !important\\\">Dedicated to serving<\/div><\/div><div class=\\\"p-pwq1529 pagelayer-text\\\"><div class=\\\"pagelayer-text-holder\\\" style=\\\"font-weight: inherit;font-size: inherit;font-family: inherit\\\"><p style=\\\"font-weight: inherit;font-size: 22px;text-align: center;font-family: Helvetica, Arial, sans-serif !important\\\"><span style=\\\"font-weight: inherit;font-size: inherit;font-family: Helvetica, Arial, sans-serif !important\\\"><span style=\\\"font-weight: inherit;font-size: inherit;font-family: Helvetica, Arial, sans-serif !important\\\">Cung c\u1ea5p m\u1ed9t lo\u1ea1t c\u00e1c gi\u1ea3i ph\u00e1p trong ph\u00e2n t\u00edch v\u00e0 nghi\u00ean c\u1ee9u cho ph\u00f2ng th\u00ed nghi\u1ec7m.<\/span><\/span><\/p><\/div><\/div>{\\&#8221;title\\&#8221;:\\&#8221;Maps\\&#8221;,\\&#8221;content\\&#8221;:\\&#8221;\\&#8221;}\nPhone\n\n\nAddress\n\n\nEmail","protected":false},"excerpt":{"rendered":"","protected":false},"author":1,"featured_media":0,"parent":0,"menu_order":0,"comment_status":"closed","ping_status":"closed","template":"","meta":{"pagelayer_contact_templates":[],"_pagelayer_content":"","footnotes":""},"class_list":["post-399","page","type-page","status-publish","hentry"],"jetpack_sharing_enabled":true,"_links":{"self":[{"href":"https:\/\/cqvn.com.vn\/en\/wp-json\/wp\/v2\/pages\/399","targetHints":{"allow":["GET"]}}],"collection":[{"href":"https:\/\/cqvn.com.vn\/en\/wp-json\/wp\/v2\/pages"}],"about":[{"href":"https:\/\/cqvn.com.vn\/en\/wp-json\/wp\/v2\/types\/page"}],"author":[{"embeddable":true,"href":"https:\/\/cqvn.com.vn\/en\/wp-json\/wp\/v2\/users\/1"}],"replies":[{"embeddable":true,"href":"https:\/\/cqvn.com.vn\/en\/wp-json\/wp\/v2\/comments?post=399"}],"version-history":[{"count":0,"href":"https:\/\/cqvn.com.vn\/en\/wp-json\/wp\/v2\/pages\/399\/revisions"}],"wp:attachment":[{"href":"https:\/\/cqvn.com.vn\/en\/wp-json\/wp\/v2\/media?parent=399"}],"curies":[{"name":"wp","href":"https:\/\/api.w.org\/{rel}","templated":true}]}}