{"id":402,"date":"2025-04-26T03:16:55","date_gmt":"2025-04-26T03:16:55","guid":{"rendered":"https:\/\/cqvn.com.vn\/about\/"},"modified":"2025-04-26T03:16:55","modified_gmt":"2025-04-26T03:16:55","slug":"about","status":"publish","type":"page","link":"https:\/\/cqvn.com.vn\/en\/about\/","title":{"rendered":"About"},"content":{"rendered":"CQVN Co.,LTDV\u1ec1 ch\u00fang t\u00f4iC\u00f4ng ty TNHH Khoa h\u1ecdc K\u1ef9 thu\u1eadt v\u00e0 D\u1ecbch v\u1ee5 CQVN<p id=\\\"3s8ps_fes71\\\" data-component=\\\"rtf-block\\\"><span data-text=\\\"true\\\" data-z-element-type=\\\"rtf-text\\\" id=\\\"3s8ps_fes71_t5lf\\\" class=\\\"\\\" data-is-whitespace=\\\"false\\\" style=\\\"font-weight: 500\\\"><strong style=\\\"line-height: 4\\\"><\/strong><strong><\/strong><\/span><\/p><span style=\\\"line-height: 4\\\"><p id=\\\"3s8ps_fes71\\\" data-component=\\\"rtf-block\\\"><span data-text=\\\"true\\\" data-z-element-type=\\\"rtf-text\\\" id=\\\"3s8ps_fes71_t5lf\\\" class=\\\"\\\" data-is-whitespace=\\\"false\\\" style=\\\"margin: 0px;padding: 0px;border: 0px;font-style: inherit;font-variant: inherit;font-weight: 500;font-size: inherit;line-height: inherit;font-family: Helvetica, Arial, sans-serif !important;vertical-align: baseline\\\">CQVN<\/span><span data-text=\\\"true\\\" data-z-element-type=\\\"rtf-text\\\" id=\\\"3s8ps_fes71_5ela8\\\" class=\\\"\\\" data-is-whitespace=\\\"false\\\" style=\\\"margin: 0px;padding: 0px;border: 0px;font-style: inherit;font-variant: inherit;font-weight: inherit;font-size: inherit;line-height: inherit;font-family: Helvetica, Arial, sans-serif !important;vertical-align: baseline\\\"> \u2013 vi\u1ebft t\u1eaft c\u1ee7a <\/span><span data-text=\\\"true\\\" data-z-element-type=\\\"rtf-text\\\" id=\\\"3s8ps_fes71_8jtb1\\\" class=\\\"\\\" data-is-whitespace=\\\"false\\\" style=\\\"margin: 0px;padding: 0px;border: 0px;font-style: inherit;font-variant: inherit;font-weight: 500;font-size: inherit;line-height: inherit;font-family: Helvetica, Arial, sans-serif !important;vertical-align: baseline\\\">Controlling Quality Vietnam<\/span><span data-text=\\\"true\\\" data-z-element-type=\\\"rtf-text\\\" id=\\\"3s8ps_fes71_5sorb\\\" class=\\\"\\\" data-is-whitespace=\\\"false\\\" style=\\\"margin: 0px;padding: 0px;border: 0px;font-style: inherit;font-variant: inherit;font-weight: inherit;font-size: inherit;line-height: inherit;font-family: Helvetica, Arial, sans-serif !important;vertical-align: baseline\\\"> v\u00e0 \u0111\u1ed3ng th\u1eddi l\u00e0 s\u1ef1 k\u1ebft tinh c\u1ee7a hai ch\u1ec9 s\u1ed1 th\u00f4ng minh quan tr\u1ecdng trong khoa h\u1ecdc: <\/span><span data-text=\\\"true\\\" data-z-element-type=\\\"rtf-text\\\" id=\\\"3s8ps_fes71_2sjob\\\" class=\\\"\\\" data-is-whitespace=\\\"false\\\" style=\\\"margin: 0px;padding: 0px;border: 0px;font-style: inherit;font-variant: inherit;font-weight: 500;font-size: inherit;line-height: inherit;font-family: Helvetica, Arial, sans-serif !important;vertical-align: baseline\\\">Creative Quotient (Ch\u1ec9 s\u1ed1 s\u00e1ng t\u1ea1o)<\/span><span data-text=\\\"true\\\" data-z-element-type=\\\"rtf-text\\\" id=\\\"3s8ps_fes71_bujg5\\\" class=\\\"\\\" data-is-whitespace=\\\"false\\\" style=\\\"margin: 0px;padding: 0px;border: 0px;font-style: inherit;font-variant: inherit;font-weight: inherit;font-size: inherit;line-height: inherit;font-family: Helvetica, Arial, sans-serif !important;vertical-align: baseline\\\"> v\u00e0 <\/span><span data-text=\\\"true\\\" data-z-element-type=\\\"rtf-text\\\" id=\\\"3s8ps_fes71_74o81\\\" class=\\\"\\\" data-is-whitespace=\\\"false\\\" style=\\\"margin: 0px;padding: 0px;border: 0px;font-style: inherit;font-variant: inherit;font-weight: 500;font-size: inherit;line-height: inherit;font-family: Helvetica, Arial, sans-serif !important;vertical-align: baseline\\\">Curiosity Quotient (Ch\u1ec9 s\u1ed1 t\u00f2 m\u00f2)<\/span><span data-text=\\\"true\\\" data-z-element-type=\\\"rtf-text\\\" id=\\\"3s8ps_fes71_efclc\\\" class=\\\"\\\" data-is-whitespace=\\\"false\\\" style=\\\"margin: 0px;padding: 0px;border: 0px;font-style: inherit;font-variant: inherit;font-weight: inherit;font-size: inherit;line-height: inherit;font-family: Helvetica, Arial, sans-serif !important;vertical-align: baseline\\\">. \u0110\u00e2y kh\u00f4ng ch\u1ec9 l\u00e0 t\u00ean g\u1ecdi, m\u00e0 c\u00f2n l\u00e0 kim ch\u1ec9 nam cho m\u1ecdi ho\u1ea1t \u0111\u1ed9ng c\u1ee7a ch\u00fang t\u00f4i: ki\u1ec3m so\u00e1t ch\u1ea5t l\u01b0\u1ee3ng, ph\u00e1t huy s\u00e1ng t\u1ea1o, v\u00e0 nu\u00f4i d\u01b0\u1ee1ng s\u1ef1 t\u00f2 m\u00f2 \u2013 nh\u1eefng y\u1ebfu t\u1ed1 n\u1ec1n t\u1ea3ng cho s\u1ef1 ph\u00e1t tri\u1ec3n b\u1ec1n v\u1eefng c\u1ee7a khoa h\u1ecdc.<\/span><\/p><p id=\\\"3s8ps_pek7\\\" data-component=\\\"rtf-block\\\"><span data-text=\\\"true\\\" data-z-element-type=\\\"rtf-text\\\" id=\\\"3s8ps_pek7_7tenr\\\" class=\\\"\\\" data-is-whitespace=\\\"false\\\" style=\\\"margin: 0px;padding: 0px;border: 0px;font-style: inherit;font-variant: inherit;font-weight: inherit;font-size: inherit;line-height: inherit;font-family: Helvetica, Arial, sans-serif !important;vertical-align: baseline\\\">Th\u00e0nh l\u1eadp v\u1edbi s\u1ee9 m\u1ec7nh t\u1eadn t\u00e2m ph\u1ee5c v\u1ee5, \u0111\u1ed3ng h\u00e0nh c\u00f9ng c\u00e1c nh\u00e0 khoa h\u1ecdc, nh\u00e0 nghi\u00ean c\u1ee9u, nh\u00e0 ph\u00e2n t\u00edch, c\u1ed9ng \u0111\u1ed3ng khoa h\u1ecdc trong n\u01b0\u1edbc c\u0169ng nh\u01b0 qu\u1ed1c t\u1ebf, CQVN cam k\u1ebft cung c\u1ea5p nh\u1eefng gi\u1ea3i ph\u00e1p k\u1ef9 thu\u1eadt, d\u1ecbch v\u1ee5 v\u00e0 s\u1ea3n ph\u1ea9m ti\u00ean ti\u1ebfn nh\u1ea5t trong c\u00e1c l\u0129nh v\u1ef1c: thi\u1ebft b\u1ecb th\u00ed nghi\u1ec7m, h\u00f3a ch\u1ea5t ph\u00e2n t\u00edch, m\u00f4i tr\u01b0\u1eddng vi sinh, v\u1eadt t\u01b0 ti\u00eau hao, v\u00e0 d\u1ecbch v\u1ee5 h\u1ed7 tr\u1ee3 k\u1ef9 thu\u1eadt.<\/span><\/p><p id=\\\"3s8ps_fes71\\\" data-component=\\\"rtf-block\\\"><span style=\\\"line-height: 4\\\"><\/span><\/p><p id=\\\"3s8ps_4h5q4\\\" data-component=\\\"rtf-block\\\"><br style=\\\"letter-spacing: 0.2px\\\"><\/p><p id=\\\"3s8ps_4h5q4\\\" data-component=\\\"rtf-block\\\"><\/p><\/span>\n<p id=\\\"3s8ps_4h5q4\\\" data-component=\\\"rtf-block\\\"><span data-text=\\\"true\\\" data-z-element-type=\\\"rtf-text\\\" id=\\\"3s8ps_4h5q4_38cs4\\\" class=\\\"\\\" data-is-whitespace=\\\"false\\\"><\/span><\/p><p style=\\\"text-align: justify\\\"><span style=\\\"font-size:medium\\\"><p id=\\\"3s8ps_4h5q4\\\" data-component=\\\"rtf-block\\\"><span data-text=\\\"true\\\" data-z-element-type=\\\"rtf-text\\\" id=\\\"3s8ps_4h5q4_38cs4\\\" class=\\\"\\\" data-is-whitespace=\\\"false\\\"><\/span><\/p><\/span><span style=\\\"font-size:normal\\\"><span><p id=\\\"3s8ps_4h5q4\\\" data-component=\\\"rtf-block\\\"><span data-text=\\\"true\\\" data-z-element-type=\\\"rtf-text\\\" id=\\\"3s8ps_4h5q4_38cs4\\\" class=\\\"\\\" data-is-whitespace=\\\"false\\\" style=\\\"margin: 0px;padding: 0px;border: 0px;font-style: inherit;font-variant: inherit;font-weight: inherit;font-size: inherit;line-height: inherit;font-family: Helvetica, Arial, sans-serif !important;vertical-align: baseline\\\">V\u1edbi \u0111\u1ed9i ng\u0169 nh\u00e2n s\u1ef1 gi\u00e0u chuy\u00ean m\u00f4n, \u0111am m\u00ea kh\u00e1m ph\u00e1 v\u00e0 s\u00e1ng t\u1ea1o, CQVN kh\u00f4ng ng\u1eebng n\u1ed7 l\u1ef1c t\u00ecm ki\u1ebfm, ch\u1ecdn l\u1ecdc v\u00e0 gi\u1edbi thi\u1ec7u \u0111\u1ebfn kh\u00e1ch h\u00e0ng nh\u1eefng s\u1ea3n ph\u1ea9m v\u00e0 c\u00f4ng ngh\u1ec7 t\u1eeb c\u00e1c th\u01b0\u01a1ng hi\u1ec7u h\u00e0ng \u0111\u1ea7u th\u1ebf gi\u1edbi. Ch\u00fang t\u00f4i hi\u1ec3u r\u1eb1ng, trong m\u1ed7i th\u00ed nghi\u1ec7m, m\u1ed7i c\u00f4ng tr\u00ecnh nghi\u00ean c\u1ee9u, ch\u1ea5t l\u01b0\u1ee3ng v\u00e0 \u0111\u1ed9 tin c\u1eady l\u00e0 y\u1ebfu t\u1ed1 ti\u00ean quy\u1ebft \u2013 v\u00e0 \u0111\u00f3 c\u0169ng ch\u00ednh l\u00e0 l\u00fd do  <\/span><span data-text=\\\"true\\\" data-z-element-type=\\\"rtf-text\\\" id=\\\"3s8ps_4h5q4_4p69b\\\" class=\\\"\\\" data-is-whitespace=\\\"false\\\" style=\\\"margin: 0px;padding: 0px;border: 0px;font-style: inherit;font-variant: inherit;font-weight: 500;font-size: inherit;line-height: inherit;font-family: Helvetica, Arial, sans-serif !important;vertical-align: baseline\\\">Controlling Quality<\/span><span data-text=\\\"true\\\" data-z-element-type=\\\"rtf-text\\\" id=\\\"3s8ps_4h5q4_3ebjd\\\" class=\\\"\\\" data-is-whitespace=\\\"false\\\" style=\\\"margin: 0px;padding: 0px;border: 0px;font-style: inherit;font-variant: inherit;font-weight: inherit;font-size: inherit;line-height: inherit;font-family: Helvetica, Arial, sans-serif !important;vertical-align: baseline\\\"> lu\u00f4n \u0111\u01b0\u1ee3c \u0111\u1eb7t l\u00ean h\u00e0ng \u0111\u1ea7u trong tri\u1ebft l\u00fd ho\u1ea1t \u0111\u1ed9ng c\u1ee7a CQVN.<\/span><\/p><p id=\\\"3s8ps_2cmgt\\\" data-component=\\\"rtf-block\\\"><\/p><p id=\\\"3s8ps_2cmgt\\\" data-component=\\\"rtf-block\\\"><span data-text=\\\"true\\\" data-z-element-type=\\\"rtf-text\\\" id=\\\"3s8ps_2cmgt_fd747\\\" class=\\\"\\\" data-is-whitespace=\\\"false\\\" style=\\\"margin: 0px;padding: 0px;border: 0px;font-style: inherit;font-variant: inherit;font-weight: inherit;font-size: inherit;line-height: inherit;font-family: Helvetica, Arial, sans-serif !important;vertical-align: baseline\\\">B\u00ean c\u1ea1nh vi\u1ec7c cung c\u1ea5p s\u1ea3n ph\u1ea9m, CQVN c\u00f2n \u0111\u1eb7c bi\u1ec7t ch\u00fa tr\u1ecdng \u0111\u1ebfn c\u00e1c ho\u1ea1t \u0111\u1ed9ng <\/span><span data-text=\\\"true\\\" data-z-element-type=\\\"rtf-text\\\" id=\\\"3s8ps_2cmgt_4ul0i\\\" class=\\\"\\\" data-is-whitespace=\\\"false\\\" style=\\\"margin: 0px;padding: 0px;border: 0px;font-style: inherit;font-variant: inherit;font-weight: 500;font-size: inherit;line-height: inherit;font-family: Helvetica, Arial, sans-serif !important;vertical-align: baseline\\\">\u0111\u00e0o t\u1ea1o, t\u01b0 v\u1ea5n k\u1ef9 thu\u1eadt v\u00e0 chuy\u1ec3n giao c\u00f4ng ngh\u1ec7<\/span><span data-text=\\\"true\\\" data-z-element-type=\\\"rtf-text\\\" id=\\\"3s8ps_2cmgt_30ui8\\\" class=\\\"\\\" data-is-whitespace=\\\"false\\\" style=\\\"margin: 0px;padding: 0px;border: 0px;font-style: inherit;font-variant: inherit;font-weight: inherit;font-size: inherit;line-height: inherit;font-family: Helvetica, Arial, sans-serif !important;vertical-align: baseline\\\">, ph\u01b0\u01a1ng ph\u00e1p ph\u00e2n t\u00edch ti\u00ean ti\u1ebfn, c\u1eadp nh\u1eadt theo xu h\u01b0\u1edbng th\u1ebf gi\u1edbi, g\u00f3p ph\u1ea7n h\u1ed7 tr\u1ee3 qu\u1ea3n l\u00fd, \u0111\u1ea3m b\u1ea3o ch\u1ea5t l\u01b0\u1ee3ng trong c\u00e1c kh\u00e1ch h\u00e0ng d\u01b0\u1ee3c ph\u1ea9m (pharma), th\u1ef1c ph\u1ea9m (F&amp;B), th\u00fac \u0111\u1ea9y ph\u00e1t tri\u1ec3n b\u1ec1n v\u1eefng c\u1ee7a n\u1ec1n khoa h\u1ecdc n\u01b0\u1edbc nh\u00e0.<\/span><\/p><p id=\\\"3s8ps_4h5q4\\\" data-component=\\\"rtf-block\\\"><\/p><p id=\\\"3s8ps_7eu0l\\\" data-component=\\\"rtf-block\\\"><br style=\\\"letter-spacing: 0.2px\\\"><\/p><\/span><\/span><\/p><p id=\\\"3s8ps_6k5pg\\\" data-component=\\\"rtf-block\\\"><span data-text=\\\"true\\\" data-z-element-type=\\\"rtf-text\\\" id=\\\"3s8ps_6k5pg_6a6sj\\\" class=\\\"\\\" data-is-whitespace=\\\"false\\\"><\/span><\/p><p><span style=\\\"font-size: 14.4px\\\">Mang \u0111\u1ebfn c\u00e1c gi\u1ea3i ph\u00e1p khoa h\u1ecdc v\u00e0 c\u00f4ng ngh\u1ec7 ti\u00ean ti\u1ebfn \u0111\u01b0\u1ee3c \u1ee9ng d\u1ee5ng trong ch\u1ea9n \u0111o\u00e1n l\u00e2m s\u00e0ng v\u00e0 c\u00f4ng ngh\u1ec7 sinh h\u1ecdc qua \u0111\u00f3 \u0111\u00f3ng g\u00f3p thi\u1ebft th\u1ef1c cho cu\u1ed9c s\u1ed1ng t\u1ed1t \u0111\u1eb9p h\u01a1n.<\/span><\/p><p><span style=\\\"font-size: 14.4px\\\"><br><\/span><\/p>\n<p id=\\\"3s8ps_7eu0l\\\" data-component=\\\"rtf-block\\\"><span style=\\\"font-size: 14.4px;font-style: normal;font-weight: 400;letter-spacing: normal\\\">CQVN \u2013 Ki\u1ec3m so\u00e1t ch\u1ea5t l\u01b0\u1ee3ng, Kh\u01a1i ngu\u1ed3n s\u00e1ng t\u1ea1o, K\u00edch ho\u1ea1t \u0111am m\u00ea kh\u00e1m ph\u00e1!&nbsp;<\/span><\/p>\n<p>Tr\u1edf th\u00e0nh doanh nghi\u1ec7p h\u00e0ng \u0111\u1ea7u trong l\u0129nh v\u1ef1c X\u00e9t nghi\u1ec7m l\u00e2m s\u00e0ng v\u00e0 \u1ee9ng d\u1ee5ng c\u00f4ng ngh\u1ec7 sinh h\u1ecdc, khoa h\u1ecdc s\u1ef1 s\u1ed1ng, c\u00f4ng nghi\u1ec7p s\u1ea3n xu\u1ea5t, d\u1ecbch v\u1ee5 t\u01b0 v\u1ea5n.<\/p><p><br><\/p>\n<p>Ch\u00fang t\u00f4i tin r\u1eb1ng: ch\u1ec9 v\u1edbi s\u1ef1 k\u1ebft h\u1ee3p gi\u1eefa ch\u1ea5t l\u01b0\u1ee3ng, s\u00e1ng t\u1ea1o v\u00e0 t\u00f2 m\u00f2, khoa h\u1ecdc m\u1edbi c\u00f3 th\u1ec3 v\u01b0\u01a1n xa v\u00e0 b\u1ec1n v\u1eefng. V\u00e0 CQVN t\u1ef1 h\u00e0o l\u00e0 ng\u01b0\u1eddi b\u1ea1n \u0111\u1ed3ng h\u00e0nh tin c\u1eady tr\u00ean h\u00e0nh tr\u00ecnh \u0111\u00f3.<\/p>","protected":false},"excerpt":{"rendered":"","protected":false},"author":1,"featured_media":0,"parent":0,"menu_order":0,"comment_status":"closed","ping_status":"closed","template":"","meta":{"pagelayer_contact_templates":[],"_pagelayer_content":"","footnotes":""},"class_list":["post-402","page","type-page","status-publish","hentry"],"jetpack_sharing_enabled":true,"_links":{"self":[{"href":"https:\/\/cqvn.com.vn\/en\/wp-json\/wp\/v2\/pages\/402","targetHints":{"allow":["GET"]}}],"collection":[{"href":"https:\/\/cqvn.com.vn\/en\/wp-json\/wp\/v2\/pages"}],"about":[{"href":"https:\/\/cqvn.com.vn\/en\/wp-json\/wp\/v2\/types\/page"}],"author":[{"embeddable":true,"href":"https:\/\/cqvn.com.vn\/en\/wp-json\/wp\/v2\/users\/1"}],"replies":[{"embeddable":true,"href":"https:\/\/cqvn.com.vn\/en\/wp-json\/wp\/v2\/comments?post=402"}],"version-history":[{"count":0,"href":"https:\/\/cqvn.com.vn\/en\/wp-json\/wp\/v2\/pages\/402\/revisions"}],"wp:attachment":[{"href":"https:\/\/cqvn.com.vn\/en\/wp-json\/wp\/v2\/media?parent=402"}],"curies":[{"name":"wp","href":"https:\/\/api.w.org\/{rel}","templated":true}]}}