{"id":130,"date":"2025-04-26T04:28:09","date_gmt":"2025-04-26T04:28:09","guid":{"rendered":"https:\/\/cqvn.com.vn\/product\/3-speed-bike\/"},"modified":"2025-07-31T19:42:47","modified_gmt":"2025-07-31T19:42:47","slug":"microbial-culture-media","status":"publish","type":"product","link":"https:\/\/cqvn.com.vn\/en\/product\/microbial-culture-media\/","title":{"rendered":"M\u00f4i tr\u01b0\u1eddng nu\u00f4i c\u1ea5y vi sinh v\u1eadt"},"content":{"rendered":"<div><span style=\"font-size: 14.4px;\">M\u00f4i tr\u01b0\u1eddng nu\u00f4i c\u1ea5y vi sinh v\u1eadt l\u00e0 h\u1ed7n h\u1ee3p c\u00e1c ch\u1ea5t th\u00fac \u0111\u1ea9y v\u00e0 h\u1ed7 tr\u1ee3 s\u1ef1 ph\u00e1t tri\u1ec3n v\u00e0 bi\u1ec7t h\u00f3a c\u1ee7a vi sinh v\u1eadt. M\u00f4i tr\u01b0\u1eddng v\u0103n h\u00f3a ch\u1ee9a ch\u1ea5t dinh d\u01b0\u1ee1ng, ngu\u1ed3n n\u0103ng l\u01b0\u1ee3ng, c\u00e1c y\u1ebfu t\u1ed1 th\u00fac \u0111\u1ea9y t\u0103ng tr\u01b0\u1edfng, kho\u00e1ng ch\u1ea5t, kim lo\u1ea1i, mu\u1ed1i \u0111\u1ec7m v\u00e0 ch\u1ea5t t\u1ea1o gel (cho m\u00f4i tr\u01b0\u1eddng r\u1eafn). C\u00e1c c\u00f4ng th\u1ee9c tinh vi c\u1ee7a m\u00f4i tr\u01b0\u1eddng v\u0103n h\u00f3a c\u1ee7a ch\u00fang t\u00f4i \u0111\u1ea3m b\u1ea3o k\u1ebft qu\u1ea3 ki\u1ec3m tra vi sinh h\u1ecdc ch\u00ednh x\u00e1c, c\u00f3 th\u1ec3 t\u00e1i t\u1ea1o v\u00e0 l\u1eb7p l\u1ea1i. M\u00f4i tr\u01b0\u1eddng nu\u00f4i c\u1ea5y v\u1eabn l\u00e0 ti\u00eau chu\u1ea9n v\u00e0ng trong ng\u00e0nh d\u01b0\u1ee3c ph\u1ea9m v\u00e0 th\u1ef1c ph\u1ea9m v\u00e0 \u0111\u1ed3 u\u1ed1ng \u0111\u1ec3 li\u1ec7t k\u00ea v\u00e0 ph\u00e1t hi\u1ec7n vi sinh v\u1eadt. M\u00f4i tr\u01b0\u1eddng nu\u00f4i c\u1ea5y vi sinh v\u1eadt c\u00f3 th\u1ec3 \u0111\u01b0\u1ee3c \u0111i\u1ec1u ch\u1ebf d\u01b0\u1edbi d\u1ea1ng l\u1ecfng (n\u01b0\u1edbc d\u00f9ng), r\u1eafn (\u0111\u0129a th\u1ea1ch), ho\u1eb7c d\u1ea1ng b\u00e1n r\u1eafn (s\u00e2u). M\u00f4i tr\u01b0\u1eddng r\u1eafn v\u00e0 b\u00e1n r\u1eafn c\u00f3 ch\u1ee9a m\u1ed9t ch\u1ea5t \u0111\u00f4ng \u0111\u1eb7c nh\u01b0 agar ho\u1eb7c gelatin.<\/span><\/div>\r\n<div><span style=\"font-size: 14.4px;\">\u00a0<\/span><\/div>\r\n<div><span style=\"font-size: 14.4px;\">Danh m\u1ee5c \u0111\u1ea7u t\u01b0 c\u1ee7a ch\u00fang t\u00f4i bao g\u1ed3m m\u1ed9t lo\u1ea1t c\u00e1c ph\u01b0\u01a1ng ti\u1ec7n v\u0103n h\u00f3a b\u1ecb m\u1ea5t n\u01b0\u1edbc b\u1eb1ng b\u1ed9t ho\u1eb7c h\u1ea1t. C\u00f4ng ngh\u1ec7 t\u1ea1o h\u1ea1t v\u01b0\u1ee3t tr\u1ed9i c\u1ee7a ch\u00fang t\u00f4i mang \u0111\u1ebfn s\u1ef1 ti\u1ec7n l\u1ee3i, an to\u00e0n t\u1ed1i \u0111a v\u00e0 \u0111\u00e1p \u1ee9ng c\u00e1c ti\u00eau chu\u1ea9n hi\u1ec7u su\u1ea5t cao nh\u1ea5t trong ng\u00e0nh. Ph\u01b0\u01a1ng ti\u1ec7n s\u1eb5n s\u00e0ng s\u1eed d\u1ee5ng \u0111\u01b0\u1ee3c s\u1ea3n xu\u1ea5t trong \u0111i\u1ec1u ki\u1ec7n s\u1ea3n xu\u1ea5t ti\u00eau chu\u1ea9n v\u00e0 gi\u1ea3i quy\u1ebft nhi\u1ec1u v\u1ea5n \u0111\u1ec1 trong c\u00e1c ph\u00f2ng th\u00ed nghi\u1ec7m vi sinh n\u01a1i th\u1eddi gian, thi\u1ebft b\u1ecb v\u00e0 nh\u00e2n vi\u00ean \u0111\u01b0\u1ee3c \u0111\u00e0o t\u1ea1o th\u01b0\u1eddng thi\u1ebfu h\u1ee5t. Ch\u00fang t\u00f4i cung c\u1ea5p \u0111\u0129a th\u1ea1ch 90 v\u00e0 55 mm s\u1eb5n s\u00e0ng s\u1eed d\u1ee5ng, b\u00ecnh s\u1eefa m\u00f4i tr\u01b0\u1eddng l\u1ecfng, \u1ed1ng ho\u1eb7c \u1ed1ng 2 mL, n\u01b0\u1edbc d\u00f9ng v\u00e0 ch\u1ea5t l\u1ecfng r\u1eeda cho \u1ee9ng d\u1ee5ng th\u1eed nghi\u1ec7m vi sinh v\u1eadt c\u1ee7a b\u1ea1n.<\/span><\/div>","protected":false},"excerpt":{"rendered":"<p>M\u00f4i tr\u01b0\u1eddng nu\u00f4i c\u1ea5y vi sinh v\u1eadt l\u00e0 h\u1ed7n h\u1ee3p c\u00e1c ch\u1ea5t th\u00fac \u0111\u1ea9y v\u00e0 h\u1ed7 tr\u1ee3 s\u1ef1 ph\u00e1t tri\u1ec3n v\u00e0 bi\u1ec7t h\u00f3a c\u1ee7a vi sinh v\u1eadt. M\u00f4i tr\u01b0\u1eddng v\u0103n h\u00f3a ch\u1ee9a ch\u1ea5t dinh d\u01b0\u1ee1ng, ngu\u1ed3n n\u0103ng l\u01b0\u1ee3ng, c\u00e1c y\u1ebfu t\u1ed1 th\u00fac \u0111\u1ea9y t\u0103ng tr\u01b0\u1edfng, kho\u00e1ng ch\u1ea5t, kim lo\u1ea1i, mu\u1ed1i \u0111\u1ec7m v\u00e0 ch\u1ea5t t\u1ea1o gel (cho m\u00f4i tr\u01b0\u1eddng r\u1eafn). C\u00e1c c\u00f4ng th\u1ee9c tinh vi c\u1ee7a m\u00f4i tr\u01b0\u1eddng v\u0103n h\u00f3a c\u1ee7a ch\u00fang t\u00f4i \u0111\u1ea3m b\u1ea3o k\u1ebft qu\u1ea3 ki\u1ec3m tra vi sinh h\u1ecdc ch\u00ednh x\u00e1c, c\u00f3 th\u1ec3 t\u00e1i t\u1ea1o v\u00e0 l\u1eb7p l\u1ea1i. M\u00f4i tr\u01b0\u1eddng nu\u00f4i c\u1ea5y v\u1eabn l\u00e0 ti\u00eau chu\u1ea9n v\u00e0ng trong ng\u00e0nh d\u01b0\u1ee3c ph\u1ea9m v\u00e0 th\u1ef1c ph\u1ea9m v\u00e0 \u0111\u1ed3 u\u1ed1ng \u0111\u1ec3 li\u1ec7t k\u00ea v\u00e0 ph\u00e1t hi\u1ec7n vi sinh v\u1eadt. M\u00f4i tr\u01b0\u1eddng nu\u00f4i c\u1ea5y vi sinh v\u1eadt c\u00f3 th\u1ec3 \u0111\u01b0\u1ee3c \u0111i\u1ec1u ch\u1ebf d\u01b0\u1edbi d\u1ea1ng l\u1ecfng (n\u01b0\u1edbc d\u00f9ng), r\u1eafn (\u0111\u0129a th\u1ea1ch), ho\u1eb7c d\u1ea1ng b\u00e1n r\u1eafn (s\u00e2u). M\u00f4i tr\u01b0\u1eddng r\u1eafn v\u00e0 b\u00e1n r\u1eafn c\u00f3 ch\u1ee9a m\u1ed9t ch\u1ea5t \u0111\u00f4ng \u0111\u1eb7c nh\u01b0 agar ho\u1eb7c gelatin.\u00a0\u00a0<\/p>\n<p>Danh m\u1ee5c \u0111\u1ea7u t\u01b0 c\u1ee7a ch\u00fang t\u00f4i bao g\u1ed3m m\u1ed9t lo\u1ea1t c\u00e1c ph\u01b0\u01a1ng ti\u1ec7n v\u0103n h\u00f3a b\u1ecb m\u1ea5t n\u01b0\u1edbc b\u1eb1ng b\u1ed9t ho\u1eb7c h\u1ea1t. C\u00f4ng ngh\u1ec7 t\u1ea1o h\u1ea1t v\u01b0\u1ee3t tr\u1ed9i c\u1ee7a ch\u00fang t\u00f4i mang \u0111\u1ebfn s\u1ef1 ti\u1ec7n l\u1ee3i, an to\u00e0n t\u1ed1i \u0111a v\u00e0 \u0111\u00e1p \u1ee9ng c\u00e1c ti\u00eau chu\u1ea9n hi\u1ec7u su\u1ea5t cao nh\u1ea5t trong ng\u00e0nh. Ph\u01b0\u01a1ng ti\u1ec7n s\u1eb5n s\u00e0ng s\u1eed d\u1ee5ng \u0111\u01b0\u1ee3c s\u1ea3n xu\u1ea5t trong \u0111i\u1ec1u ki\u1ec7n s\u1ea3n xu\u1ea5t ti\u00eau chu\u1ea9n v\u00e0 gi\u1ea3i quy\u1ebft nhi\u1ec1u v\u1ea5n \u0111\u1ec1 trong c\u00e1c ph\u00f2ng th\u00ed nghi\u1ec7m vi sinh n\u01a1i th\u1eddi gian, thi\u1ebft b\u1ecb v\u00e0 nh\u00e2n vi\u00ean \u0111\u01b0\u1ee3c \u0111\u00e0o t\u1ea1o th\u01b0\u1eddng thi\u1ebfu h\u1ee5t. Ch\u00fang t\u00f4i cung c\u1ea5p \u0111\u0129a th\u1ea1ch 90 v\u00e0 55 mm s\u1eb5n s\u00e0ng s\u1eed d\u1ee5ng, b\u00ecnh s\u1eefa m\u00f4i tr\u01b0\u1eddng l\u1ecfng, \u1ed1ng ho\u1eb7c \u1ed1ng 2 mL, n\u01b0\u1edbc d\u00f9ng v\u00e0 ch\u1ea5t l\u1ecfng r\u1eeda cho \u1ee9ng d\u1ee5ng th\u1eed nghi\u1ec7m vi sinh v\u1eadt c\u1ee7a b\u1ea1n.<\/p>\n","protected":false},"featured_media":277,"comment_status":"closed","ping_status":"closed","template":"","meta":{"pagelayer_contact_templates":[],"_pagelayer_content":""},"product_brand":[],"product_cat":[15,21],"product_tag":[],"class_list":{"0":"post-130","1":"product","2":"type-product","3":"status-publish","4":"has-post-thumbnail","6":"product_cat-uncategorized","7":"product_cat-merck","9":"first","10":"instock","11":"shipping-taxable","12":"product-type-simple"},"jetpack_sharing_enabled":true,"_links":{"self":[{"href":"https:\/\/cqvn.com.vn\/en\/wp-json\/wp\/v2\/product\/130","targetHints":{"allow":["GET"]}}],"collection":[{"href":"https:\/\/cqvn.com.vn\/en\/wp-json\/wp\/v2\/product"}],"about":[{"href":"https:\/\/cqvn.com.vn\/en\/wp-json\/wp\/v2\/types\/product"}],"replies":[{"embeddable":true,"href":"https:\/\/cqvn.com.vn\/en\/wp-json\/wp\/v2\/comments?post=130"}],"wp:featuredmedia":[{"embeddable":true,"href":"https:\/\/cqvn.com.vn\/en\/wp-json\/wp\/v2\/media\/277"}],"wp:attachment":[{"href":"https:\/\/cqvn.com.vn\/en\/wp-json\/wp\/v2\/media?parent=130"}],"wp:term":[{"taxonomy":"product_brand","embeddable":true,"href":"https:\/\/cqvn.com.vn\/en\/wp-json\/wp\/v2\/product_brand?post=130"},{"taxonomy":"product_cat","embeddable":true,"href":"https:\/\/cqvn.com.vn\/en\/wp-json\/wp\/v2\/product_cat?post=130"},{"taxonomy":"product_tag","embeddable":true,"href":"https:\/\/cqvn.com.vn\/en\/wp-json\/wp\/v2\/product_tag?post=130"}],"curies":[{"name":"wp","href":"https:\/\/api.w.org\/{rel}","templated":true}]}}