{"id":132,"date":"2025-04-26T04:28:09","date_gmt":"2025-04-26T04:28:09","guid":{"rendered":"https:\/\/cqvn.com.vn\/product\/black-and-white\/"},"modified":"2025-07-31T19:47:18","modified_gmt":"2025-07-31T19:47:18","slug":"hi2002-02","status":"publish","type":"product","link":"https:\/\/cqvn.com.vn\/en\/product\/hi2002-02\/","title":{"rendered":"M\u00e1y \u0110o pH\/ORP\/Nhi\u1ec7t \u0110\u1ed9 HI2002-02"},"content":{"rendered":"<p><strong>TH\u00d4NG S\u1ed0 K\u1ef8 THU\u1eacT<\/strong><\/p>\n<table border=\"1\" width=\"642\" cellspacing=\"0\" cellpadding=\"5\">\n<tbody>\n<tr>\n<td colspan=\"2\" nowrap=\"nowrap\"><strong>pH<\/strong><\/td>\n<\/tr>\n<tr>\n<td nowrap=\"nowrap\">Thang \u0111o<\/td>\n<td>-2.000 \u0111\u1ebfn 16.000 pH<\/p>\n<p>-2.00 \u0111\u1ebfn 16.00 pH,<\/p>\n<p>\u00b11000 mV;\u00a0\u00b12000 mV (<em>ORP<\/em>)<\/td>\n<\/tr>\n<tr>\n<td nowrap=\"nowrap\">\u0110\u1ed9 ph\u00e2n gi\u1ea3i<\/td>\n<td>0.001 pH, 0.01 pH,<\/p>\n<p>0.1 mV<\/td>\n<\/tr>\n<tr>\n<td nowrap=\"nowrap\">\u0110\u1ed9 ch\u00ednh x\u00e1c<\/td>\n<td>\u00b10.002 pH, \u00b10.01 pH<\/p>\n<p>\u00b10.2 mV\u00a0(\u00b1999.9 mV); \u00b11 mV (\u00b12000 mV)<\/td>\n<\/tr>\n<tr>\n<td nowrap=\"nowrap\">Hi\u1ec7u chu\u1ea9n pH<\/td>\n<td>\u00a0 \u00a0 5 \u0111i\u1ec3m (ch\u1ebf \u0111\u1ed9 chu\u1ea9n) t\u1ea1i 1.68,4.01(3.00**),6.86,7.01,9.18,10.01,12.45,v\u00e0 2 \u0111\u1ec7m t\u00f9y ch\u1ec9nh;<\/p>\n<p>3 \u0111i\u1ec3m (ch\u1ebf \u0111\u1ed9 c\u01a1 b\u1ea3n) 4.01; 6.86; 7.01; 9.18; 10.01<\/td>\n<\/tr>\n<tr>\n<td nowrap=\"nowrap\">B\u00f9 nhi\u1ec7t<\/td>\n<td>ATC: -5.0 to 100.0\u00baC; 23.0 to 212.0\u00b0F*<\/td>\n<\/tr>\n<tr>\n<td colspan=\"2\" nowrap=\"nowrap\">\u00a0<strong>NHI\u1ec6T \u0110\u1ed8<\/strong><\/td>\n<\/tr>\n<tr>\n<td nowrap=\"nowrap\">Thang \u0111o<\/td>\n<td>-20.0 to 120.0\u00baC, -4.0 to 248.0\u00b0F<\/td>\n<\/tr>\n<tr>\n<td nowrap=\"nowrap\">\u0110\u1ed9 ph\u00e2n gi\u1ea3i<\/td>\n<td>0.1\u00b0C, 0.1\u00b0F<\/td>\n<\/tr>\n<tr>\n<td nowrap=\"nowrap\">\u0110\u1ed9 ch\u00ednh x\u00e1c<\/td>\n<td>\u00b10.5\u00b0C, \u00b11.0\u00b0F<\/td>\n<\/tr>\n<tr>\n<td colspan=\"2\" nowrap=\"nowrap\"><strong>TH\u00d4NG S\u1ed0 KH\u00c1C<\/strong><\/td>\n<\/tr>\n<tr>\n<td nowrap=\"nowrap\">\u0110i\u1ec7n c\u1ef1c pH<\/td>\n<td>\u00a0\u00a0C\u1ed5ng 3.5mm\u00a0(HI11310 th\u00e2n th\u1ee7y tinh)\u00a0(\u0111i k\u00e8m)<\/td>\n<\/tr>\n<tr>\n<td nowrap=\"nowrap\">\u00a0\u00a0\u0110i\u1ec7n c\u1ef1c ORP<\/td>\n<td>\u00a0 C\u1ed5ng 3.5mm\u00a0(HI36180 ho\u1eb7c HI36200)\u00a0 (mua ri\u00eang khi c\u1ea7n \u0111o ORP)<\/td>\n<\/tr>\n<tr>\n<td nowrap=\"nowrap\">GLP<\/td>\n<td>c\u00f3<\/td>\n<\/tr>\n<tr>\n<td nowrap=\"nowrap\">Ghi d\u1eef li\u1ec7u<\/td>\n<td>\u0111\u1ebfn 1000*** b\u1ea3n ghi: B\u1eb1ng tay theo y\u00eau c\u1ea7u (t\u1ed1i \u0111a 200 b\u1ea3n), B\u1eb1ng tay d\u1ef1a theo s\u1ef1 \u1ed5n \u0111\u1ecbnh (t\u1ed1i \u0111a 200 b\u1ea3n), Ghi theo kho\u1ea3ng th\u1eddi gian*** (t\u1ed1i \u0111a 600 m\u1eabu; 100 b\u1ea3n)<\/td>\n<\/tr>\n<tr>\n<td nowrap=\"nowrap\">K\u1ebft n\u1ed1i<\/td>\n<td>1 c\u1ed5ng USB \u0111\u1ec3 s\u1ea1c v\u00e0 k\u1ebft n\u1ed1i m\u00e1y t\u00ednh, 1 c\u1ed5ng \u0111\u1ec3 l\u01b0u tr\u1eef<\/td>\n<\/tr>\n<tr>\n<td nowrap=\"nowrap\">M\u00f4i tr\u01b0\u1eddng<\/td>\n<td>0 to 50\u00b0C (32 to 122\u00b0F), RH max 95% kh\u00f4ng ng\u01b0ng t\u1ee5<\/td>\n<\/tr>\n<tr>\n<td nowrap=\"nowrap\">Pin<\/td>\n<td>Pin c\u00f3 th\u1ec3 s\u1ea1c l\u1ea1i v\u1edbi 8 gi\u1edd s\u1eed d\u1ee5ng li\u00ean t\u1ee5c<\/td>\n<\/tr>\n<tr>\n<td nowrap=\"nowrap\">Ngu\u1ed3n \u0111i\u1ec7n<\/td>\n<td>adapter\u00a05 VDC (\u0111i k\u00e8m)<\/td>\n<\/tr>\n<tr>\n<td nowrap=\"nowrap\">K\u00edch th\u01b0\u1edbc<\/td>\n<td>202 x 140 x 12.7mm<\/td>\n<\/tr>\n<tr>\n<td nowrap=\"nowrap\">Kh\u1ed1i l\u01b0\u1ee3ng<\/td>\n<td>250 g<\/td>\n<\/tr>\n<tr>\n<td nowrap=\"nowrap\">B\u1ea3o h\u00e0nh<\/td>\n<td>12 th\u00e1ng cho m\u00e1y v\u00e0 6 th\u00e1ng cho \u0111i\u1ec7n c\u1ef1c<\/td>\n<\/tr>\n<tr>\n<td nowrap=\"nowrap\"><strong>Cung c\u1ea5p g\u1ed3m\u00a0<\/strong><\/td>\n<td>&#8211;\u00a0M\u00e1y \u0111o\u00a0HI2002<\/p>\n<p><em>\u00a0 \u00a0+ HI2002-02: 230V<\/em><\/p>\n<p><em>\u00a0\u00a0 + HI2002-01: 115V<\/em><\/p>\n<p>&#8211;\u00a0\u0110i\u1ec7n c\u1ef1c\u00a0pH HI11310 th\u00e2n th\u1ee7y tinh t\u00edch h\u1ee3p c\u1ea3m bi\u1ebfn nhi\u1ec7t \u0111\u1ed9 c\u00e1p 1m<\/p>\n<p>&#8211; G\u00f3i\u00a0dung d\u1ecbch chu\u1ea9n\u00a0pH 4.01; pH 7.01 v\u00e0 pH 10.01<\/p>\n<p>&#8211; G\u00f3i\u00a0dung d\u1ecbch r\u1eeda\u00a0\u0111i\u1ec7n c\u1ef1c<\/p>\n<p>&#8211;\u00a0C\u00e1p USB<\/p>\n<p>&#8211; Gi\u00e1 \u0111\u1ee1 \u0111i\u1ec7n c\u1ef1c v\u00e0 \u0111\u1ebf s\u1ea1c<\/p>\n<p>&#8211; Gi\u00e1 treo t\u01b0\u1eddng<\/p>\n<p>&#8211; Adapter 5 VDC<\/p>\n<p>&#8211; H\u01b0\u1edbng d\u1eabn s\u1eed d\u1ee5ng<\/p>\n<p>&#8211; H\u1ed9p \u0111\u1ef1ng<\/p>\n<p>\u0110i\u1ec7n c\u1ef1c ORP mua ri\u00eang khi c\u1ea7n<\/td>\n<\/tr>\n<tr>\n<td nowrap=\"nowrap\">Ghi ch\u00fa<\/td>\n<td>* gi\u1edbi h\u1ea1n nhi\u1ec7t \u0111\u1ed9 s\u1ebd gi\u1ea3m \u0111\u1ebfn gi\u1edbi h\u1ea1n th\u1ef1c t\u1ebf c\u1ee7a \u0111\u1ea7u d\u00f2<\/p>\n<p>** kh\u00f4ng k\u00edch ho\u1ea1t ch\u1ee9c n\u0103ng b\u00f9 nhi\u1ec7t<\/p>\n<p>*** ch\u1ec9 \u1edf ch\u1ebf \u0111\u1ed9 Ti\u00eau Chu\u1ea9n (Ghi d\u1eef li\u1ec7u)<\/td>\n<\/tr>\n<\/tbody>\n<\/table>\n","protected":false},"excerpt":{"rendered":"<p>TH\u00d4NG S\u1ed0 K\u1ef8 THU\u1eacT pH Thang \u0111o -2.000 \u0111\u1ebfn 16.000 pH -2.00 \u0111\u1ebfn 16.00 pH, \u00b11000 mV;\u00a0\u00b12000 mV (ORP) \u0110\u1ed9 ph\u00e2n gi\u1ea3i 0.001 pH, 0.01 pH, 0.1 mV \u0110\u1ed9 ch\u00ednh x\u00e1c \u00b10.002 pH, \u00b10.01 pH \u00b10.2 mV\u00a0(\u00b1999.9 mV); \u00b11 mV (\u00b12000 mV) Hi\u1ec7u chu\u1ea9n pH \u00a0 \u00a0 5 \u0111i\u1ec3m (ch\u1ebf \u0111\u1ed9 chu\u1ea9n) t\u1ea1i 1.68,4.01(3.00**),6.86,7.01,9.18,10.01,12.45,v\u00e0 2 [&hellip;]<\/p>\n","protected":false},"featured_media":285,"comment_status":"open","ping_status":"closed","template":"","meta":{"pagelayer_contact_templates":[],"_pagelayer_content":""},"product_brand":[],"product_cat":[15,22],"product_tag":[],"class_list":{"0":"post-132","1":"product","2":"type-product","3":"status-publish","4":"has-post-thumbnail","6":"product_cat-uncategorized","7":"product_cat-hanna","9":"first","10":"instock","11":"shipping-taxable","12":"product-type-simple"},"jetpack_sharing_enabled":true,"_links":{"self":[{"href":"https:\/\/cqvn.com.vn\/en\/wp-json\/wp\/v2\/product\/132","targetHints":{"allow":["GET"]}}],"collection":[{"href":"https:\/\/cqvn.com.vn\/en\/wp-json\/wp\/v2\/product"}],"about":[{"href":"https:\/\/cqvn.com.vn\/en\/wp-json\/wp\/v2\/types\/product"}],"replies":[{"embeddable":true,"href":"https:\/\/cqvn.com.vn\/en\/wp-json\/wp\/v2\/comments?post=132"}],"wp:featuredmedia":[{"embeddable":true,"href":"https:\/\/cqvn.com.vn\/en\/wp-json\/wp\/v2\/media\/285"}],"wp:attachment":[{"href":"https:\/\/cqvn.com.vn\/en\/wp-json\/wp\/v2\/media?parent=132"}],"wp:term":[{"taxonomy":"product_brand","embeddable":true,"href":"https:\/\/cqvn.com.vn\/en\/wp-json\/wp\/v2\/product_brand?post=132"},{"taxonomy":"product_cat","embeddable":true,"href":"https:\/\/cqvn.com.vn\/en\/wp-json\/wp\/v2\/product_cat?post=132"},{"taxonomy":"product_tag","embeddable":true,"href":"https:\/\/cqvn.com.vn\/en\/wp-json\/wp\/v2\/product_tag?post=132"}],"curies":[{"name":"wp","href":"https:\/\/api.w.org\/{rel}","templated":true}]}}