{"id":136,"date":"2025-04-26T04:28:11","date_gmt":"2025-04-26T04:28:11","guid":{"rendered":"https:\/\/cqvn.com.vn\/product\/vintage-typewriter\/"},"modified":"2025-07-31T19:19:11","modified_gmt":"2025-07-31T19:19:11","slug":"dr6000-uv-vis","status":"publish","type":"product","link":"https:\/\/cqvn.com.vn\/en\/product\/dr6000-uv-vis\/","title":{"rendered":"DR6000 UV VIS M\u00e1y quang ph\u1ed5 Spectrophotometer"},"content":{"rendered":"<p class=\"node\" style=\"margin-top: 0px; margin-bottom: 0px; padding-bottom: 10px; color: #333333; font-size: 12px; font-family: Arial, Helvetica, sans-serif; font-style: normal; font-variant-ligatures: normal; font-variant-caps: normal; font-weight: 400; background-color: #ffffff;\"><strong>\u0110\u1eb7c t\u00ednh:<\/strong><\/p>\r\n<div class=\"description\" style=\"color: #333333; font-family: Arial, Helvetica, sans-serif; font-size: 12px; line-height: 18px; font-style: normal; font-variant-ligatures: normal; font-variant-caps: normal; font-weight: 400; background-color: #ffffff;\"><span id=\"ContentPlaceHolder1_ContentPlaceHolder1_FormView2_lblContent\" style=\"font-family: Arial, Helvetica, sans-serif; font-size: 12px; line-height: 18px;\"><strong><span style=\"font-family: Arial, Helvetica, sans-serif; font-size: 18px; line-height: 18px;\">M\u00e1y quang ph\u1ed5 ph\u00f2ng th\u00ed nghi\u1ec7m ti\u00ean ti\u1ebfn nh\u1ea5t trong ng\u00e0nh<\/span><\/strong><br \/>DR6000\u2122 l\u00e0 m\u00e1y quang ph\u1ed5 ph\u00f2ng th\u00ed nghi\u1ec7m ti\u00ean ti\u1ebfn nh\u1ea5t trong ng\u00e0nh. N\u00f3 cung c\u1ea5p kh\u1ea3 n\u0103ng qu\u00e9t b\u01b0\u1edbc s\u00f3ng t\u1ed1c \u0111\u1ed9 cao tr\u00ean d\u1ea3i Quang ph\u1ed5 UV v\u00e0 Kh\u1ea3 ki\u1ebfn, \u0111\u1ed3ng th\u1eddi \u0111i k\u00e8m v\u1edbi h\u01a1n 250 ph\u01b0\u01a1ng ph\u00e1p \u0111\u01b0\u1ee3c l\u1eadp tr\u00ecnh s\u1eb5n, bao g\u1ed3m c\u00e1c ph\u01b0\u01a1ng ph\u00e1p th\u1eed nghi\u1ec7m ph\u1ed5 bi\u1ebfn nh\u1ea5t \u0111\u01b0\u1ee3c s\u1eed d\u1ee5ng hi\u1ec7n nay. V\u1edbi c\u00e1c ph\u1ee5 ki\u1ec7n t\u00f9y ch\u1ecdn cho ph\u00e9p th\u1eed nghi\u1ec7m s\u1ed1 l\u01b0\u1ee3ng l\u1edbn th\u00f4ng qua b\u1ed9 thay \u0111\u1ed5i m\u1eabu b\u0103ng chuy\u1ec1n v\u00e0 t\u0103ng \u0111\u1ed9 ch\u00ednh x\u00e1c v\u1edbi h\u1ec7 th\u1ed1ng ph\u00e2n ph\u1ed1i m\u1eabu gi\u00fap lo\u1ea1i b\u1ecf c\u00e1c l\u1ed7i ch\u00eanh l\u1ec7ch quang h\u1ecdc, thi\u1ebft b\u1ecb n\u00e0y \u0111\u1ea3m b\u1ea3o b\u1ea1n s\u1eb5n s\u00e0ng x\u1eed l\u00fd c\u00e1c nhu c\u1ea7u ph\u00e2n t\u00edch n\u01b0\u1edbc tr\u00ean ph\u1ea1m vi r\u1ed9ng c\u1ee7a m\u00ecnh.<br \/><br \/>K\u1ebft h\u1ee3p DR6000 v\u1edbi c\u00e1c l\u1ecd thu\u1ed1c th\u1eed TNTplus\u2122 \u0111\u00e3 \u0111\u01b0\u1ee3c c\u1ea5p b\u1eb1ng s\u00e1ng ch\u1ebf c\u1ee7a Hach, b\u1ea1n c\u00f3 \u0111\u01b0\u1ee3c \u0111\u1ed9 ch\u00ednh x\u00e1c cao h\u01a1n v\u1edbi c\u00e1c quy tr\u00ecnh ph\u00e2n t\u00edch \u0111\u01b0\u1ee3c h\u01b0\u1edbng d\u1eabn t\u1eebng b\u01b0\u1edbc, \u0111\u1ed3ng th\u1eddi gi\u1ea3m thi\u1ec3u \u1ea3nh h\u01b0\u1edfng b\u1edbi c\u00e1c d\u1ee5ng c\u1ee5 th\u1ee7y tinh b\u1ecb tr\u1ea7y x\u01b0\u1edbc, sai s\u00f3t ho\u1eb7c b\u1ea9n nh\u1edd v\u00e0o vi\u1ec7c l\u1ea5y trung b\u00ecnh 10 gi\u00e1 tr\u1ecb \u0111\u1ecdc v\u00e0 lo\u1ea1i b\u1ecf c\u00e1c gi\u00e1 tr\u1ecb ngo\u1ea1i l\u1ec7.<br \/><br \/>K\u1ebft h\u1ee3p t\u1ea5t c\u1ea3 c\u00e1c t\u00ednh n\u0103ng n\u00e0y v\u1edbi g\u00f3i ph\u1ea7n m\u1ec1m QA t\u00edch h\u1ee3p cho ph\u00e9p l\u1eadp l\u1ecbch tr\u00ecnh, l\u1eadp t\u00e0i li\u1ec7u v\u00e0 di\u1ec5n gi\u1ea3i c\u00e1c ph\u00e9p \u0111o ch\u1ea5t l\u01b0\u1ee3ng c\u1ea7n thi\u1ebft c\u1ee7a b\u1ea1n.<br \/><strong><br \/>L\u1ee3i \u00edch mang l\u1ea1i<\/strong><br \/>Nhu c\u1ea7u ph\u00e2n t\u00edch n\u01b0\u1edbc c\u1ee7a b\u1ea1n, M\u00e1y \u0111o quang ph\u1ed5 t\u1ea5t-c\u1ea3-trong-m\u1ed9t<br \/>DR6000 c\u00f3 h\u1ea7u h\u1ebft c\u00e1c ph\u01b0\u01a1ng ph\u00e1p ki\u1ec3m tra \u0111\u01b0\u1ee3c l\u1eadp tr\u00ecnh s\u1eb5n, bao g\u1ed3m qu\u00e9t b\u01b0\u1edbc s\u00f3ng t\u1ed1c \u0111\u1ed9 cao tr\u00ean Quang ph\u1ed5 UV v\u00e0 Kh\u1ea3 ki\u1ebfn.<br \/><br \/>Ph\u1ee5 ki\u1ec7n cho nhu c\u1ea7u ki\u1ec3m tra kh\u1ed1i l\u01b0\u1ee3ng l\u1edbn v\u00e0 \u0111\u1ed9 ch\u00ednh x\u00e1c cao<br \/>B\u1ed9 thay \u0111\u1ed5i m\u1eabu b\u0103ng chuy\u1ec1n cho ph\u00e9p th\u1ef1c hi\u1ec7n t\u1ed1i \u0111a b\u1ea3y ph\u00e9p \u0111o tu\u1ea7n t\u1ef1. M\u00f4-\u0111un Sipper, m\u1ed9t h\u1ec7 th\u1ed1ng ph\u00e2n ph\u1ed1i m\u1eabu \u0111\u01b0\u1ee3c \u0111i\u1ec1u khi\u1ec3n b\u1eb1ng thi\u1ebft b\u1ecb, t\u0103ng \u0111\u1ed9 ch\u00ednh x\u00e1c b\u1eb1ng c\u00e1c \u0111\u1eb7c t\u00ednh quang h\u1ecdc kh\u00f4ng \u0111\u1ed5i.<br \/><br \/><strong>\u0110\u1ea3m b\u1ea3o ch\u1ea5t l\u01b0\u1ee3ng n\u00e2ng cao trong t\u1ea7m tay b\u1ea1n<\/strong><br \/>DR6000 \u0111i k\u00e8m v\u1edbi ph\u1ea7n m\u1ec1m QA t\u00edch h\u1ee3p \u0111\u1ec3 l\u00ean l\u1ecbch, l\u1eadp t\u00e0i li\u1ec7u v\u00e0 di\u1ec5n gi\u1ea3i t\u1ea5t c\u1ea3 c\u00e1c ph\u00e9p \u0111o ch\u1ea5t l\u01b0\u1ee3ng c\u1ea7n thi\u1ebft c\u1ee7a b\u1ea1n.<br \/><br \/><strong>Quy tr\u00ecnh \u0111\u01b0\u1ee3c h\u01b0\u1edbng d\u1eabn v\u00e0 lo\u1ea1i b\u1ecf c\u00e1c k\u1ebft qu\u1ea3 \u0111\u1ecdc sai<\/strong><br \/>DR6000, khi \u0111\u01b0\u1ee3c s\u1eed d\u1ee5ng v\u1edbi c\u00e1c l\u1ecd thu\u1ed1c th\u1eed TNTplus\u00ae s\u1ebd cung c\u1ea5p cho b\u1ea1n k\u1ebft qu\u1ea3 ch\u00ednh x\u00e1c m\u00e0 b\u1ea1n c\u1ea7n b\u1eb1ng c\u00e1ch h\u01b0\u1edbng d\u1eabn b\u1ea1n t\u1eebng b\u01b0\u1edbc v\u1ec1 quy tr\u00ecnh x\u00e9t nghi\u1ec7m. V\u1edbi TNTplus, thi\u1ebft b\u1ecb cho k\u1ebft qu\u1ea3 trung b\u00ecnh c\u1ee7a 10 l\u1ea7n \u0111\u1ecdc v\u00e0 lo\u1ea1i b\u1ecf c\u00e1c gi\u00e1 tr\u1ecb ngo\u1ea1i l\u1ec7, khi\u1ebfn \u0111\u1ed3 th\u1ee7y tinh b\u1ecb tr\u1ea7y x\u01b0\u1edbc, sai s\u00f3t ho\u1eb7c b\u1ea9n kh\u00f4ng c\u00f2n l\u00e0 v\u1ea5n \u0111\u1ec1.<br \/><br \/><strong>Giao di\u1ec7n m\u00e0n h\u00ecnh c\u1ea3m \u1ee9ng m\u00e0u l\u1edbn<\/strong><br \/>M\u00e0n h\u00ecnh m\u00e0u cho ph\u00e9p x\u00e1c \u0111\u1ecbnh ngay c\u00e1c c\u1ea3nh b\u00e1o v\u00e0 d\u1ec5 d\u00e0ng so s\u00e1nh d\u1eef li\u1ec7u \u0111\u1ed3 h\u1ecda. Giao di\u1ec7n m\u00e0n h\u00ecnh c\u1ea3m \u1ee9ng tr\u1ef1c quan \u0111\u1ec3 s\u1eed d\u1ee5ng, gi\u1ea3m thi\u1ec3u nhu c\u1ea7u tham kh\u1ea3o h\u01b0\u1edbng d\u1eabn s\u1eed d\u1ee5ng.<br \/><strong><br \/>Th\u00f4ng s\u1ed1 k\u1ef9 thu\u1eadt<\/strong><br \/>Cuvette t\u01b0\u01a1ng th\u00edch: Vu\u00f4ng 1 inch ho\u1eb7c Tr\u00f2n 1 inch<br \/>Data Logger: 5000 \u0111i\u1ec3m d\u1eef li\u1ec7u (k\u1ebft qu\u1ea3, ng\u00e0y, gi\u1edd, sample-ID, user-ID)<br \/>M\u00e0n h\u00ecnh:\u00a0 c\u1ea3m \u1ee9ng m\u00e0u TFT 7&#8243; WVGA<br \/>C\u1ea5p b\u1ea3o v\u00ea: IP20<br \/>Ngu\u1ed3n \u0111i\u1ec7n: 50-60 Hz 100 &#8211; 240 V<br \/>\u0110i\u1ec1u ki\u1ec7n ho\u1ea1t \u0111\u1ed9ng 10 &#8211; 40 \u00b0C, t\u1ed1i \u0111a. \u0110\u1ed9 \u1ea9m t\u01b0\u01a1ng \u0111\u1ed1i 80% (kh\u00f4ng ng\u01b0ng t\u1ee5)<br \/>H\u1ec7 th\u1ed1ng quang h\u1ecdc: Tia tham chi\u1ebfu, quang ph\u1ed5<br \/>\u0110\u1ed9 ch\u00ednh x\u00e1c tr\u1eafc quang:\u00a0 5 mAbs @ 0,0 &#8211; 0,5 abs<br \/>\u0110\u1ed9 tuy\u1ebfn t\u00ednh tr\u1eafc quang:\u00a0 0,5 % &#8211; 2 abs; 1 % \u1edf &gt; 2 abs v\u1edbi th\u1ee7y tinh h\u1ea1t \u1edf b\u01b0\u1edbc s\u00f3ng 546 nm<br \/>Ph\u01b0\u01a1ng ph\u00e1p \u0111\u01b0\u1ee3c l\u1eadp tr\u00ecnh s\u1eb5n &gt; 250<br \/>Kh\u1ea3 n\u0103ng t\u01b0\u01a1ng th\u00edch c\u1ee7a \u00f4 m\u1eabu: \u00d4 h\u00ecnh ch\u1eef nh\u1eadt 10, 20, 30, 50 mm<br \/>T\u1ed1c \u0111\u1ed9 qu\u00e9t: 900 nm\/ph\u00fat (theo b\u01b0\u1edbc 1 nm)<br \/>\u0110\u00e8n ngu\u1ed3n: Vonfram (Kh\u1ea3 ki\u1ebfn), deuterium (UV)<br \/>B\u0103ng th\u00f4ng quang ph\u1ed5: 2 nm<br \/>\u0110i\u1ec1u ki\u1ec7n b\u1ea3o qu\u1ea3n T\u1ed1i \u0111a -25 \u00b0C \u0111\u1ebfn 60 \u00b0C. \u0110\u1ed9 \u1ea9m t\u01b0\u01a1ng \u0111\u1ed1i 80% (kh\u00f4ng ng\u01b0ng t\u1ee5)<br \/>\u00c1nh s\u00e1ng l\u1ea1c &lt; 0,05 % Dung d\u1ecbch KI \u00e1nh s\u00e1ng l\u1ea1c \u1edf b\u01b0\u1edbc s\u00f3ng 220 nm &lt; 3,3 abs<br \/>Ng\u00f4n ng\u1eef giao di\u1ec7n ng\u01b0\u1eddi d\u00f9ng bg, cn, cz, da, en, es, fr, gr, hr, hu, it, jp, kr, nl, pl, pt, ro, ru, sl, sl, sv, tr<br \/>Ch\u01b0\u01a1ng tr\u00ecnh ng\u01b0\u1eddi d\u00f9ng 200<br \/>B\u1ea3o h\u00e0nh 12 th\u00e1ng<br \/>\u0110\u1ed9 ch\u00ednh x\u00e1c b\u01b0\u1edbc s\u00f3ng \u00b1 1 nm<br \/>D\u1ea3i b\u01b0\u1edbc s\u00f3ng 190 &#8211; 1100 nm<br \/>\u0110\u1ed9 l\u1eb7p l\u1ea1i b\u01b0\u1edbc s\u00f3ng &lt; 0,1<br \/>\u0110\u1ed9 ph\u00e2n gi\u1ea3i b\u01b0\u1edbc s\u00f3ng 0,1<br \/>L\u1ef1a ch\u1ecdn b\u01b0\u1edbc s\u00f3ng: t\u1ef1 \u0111\u1ed9ng<br \/>C\u00e2n n\u1eb7ng 11kg<\/span><\/div><p>&nbsp;<\/p>","protected":false},"excerpt":{"rendered":"<p><strong>M\u00e3 s\u1ea3n ph\u1ea9m#:<\/strong> Li\u00ean h\u1ec7<\/p>\n","protected":false},"featured_media":269,"comment_status":"closed","ping_status":"closed","template":"","meta":{"pagelayer_contact_templates":[],"_pagelayer_content":""},"product_brand":[],"product_cat":[20],"product_tag":[],"class_list":{"0":"post-136","1":"product","2":"type-product","3":"status-publish","4":"has-post-thumbnail","6":"product_cat-hach","8":"first","9":"instock","10":"shipping-taxable","11":"product-type-simple"},"jetpack_sharing_enabled":true,"_links":{"self":[{"href":"https:\/\/cqvn.com.vn\/en\/wp-json\/wp\/v2\/product\/136","targetHints":{"allow":["GET"]}}],"collection":[{"href":"https:\/\/cqvn.com.vn\/en\/wp-json\/wp\/v2\/product"}],"about":[{"href":"https:\/\/cqvn.com.vn\/en\/wp-json\/wp\/v2\/types\/product"}],"replies":[{"embeddable":true,"href":"https:\/\/cqvn.com.vn\/en\/wp-json\/wp\/v2\/comments?post=136"}],"wp:featuredmedia":[{"embeddable":true,"href":"https:\/\/cqvn.com.vn\/en\/wp-json\/wp\/v2\/media\/269"}],"wp:attachment":[{"href":"https:\/\/cqvn.com.vn\/en\/wp-json\/wp\/v2\/media?parent=136"}],"wp:term":[{"taxonomy":"product_brand","embeddable":true,"href":"https:\/\/cqvn.com.vn\/en\/wp-json\/wp\/v2\/product_brand?post=136"},{"taxonomy":"product_cat","embeddable":true,"href":"https:\/\/cqvn.com.vn\/en\/wp-json\/wp\/v2\/product_cat?post=136"},{"taxonomy":"product_tag","embeddable":true,"href":"https:\/\/cqvn.com.vn\/en\/wp-json\/wp\/v2\/product_tag?post=136"}],"curies":[{"name":"wp","href":"https:\/\/api.w.org\/{rel}","templated":true}]}}